{"id":24,"date":"2024-10-14T15:55:16","date_gmt":"2024-10-14T15:55:16","guid":{"rendered":"https:\/\/fernandatoigoscherer.com\/links\/?page_id=24"},"modified":"2026-02-05T21:12:14","modified_gmt":"2026-02-05T21:12:14","slug":"pagina-de-links","status":"publish","type":"page","link":"https:\/\/fernandatoigoscherer.com\/links\/","title":{"rendered":"P\u00e1gina de links"},"content":{"rendered":"\t\t<div data-elementor-type=\"wp-page\" data-elementor-id=\"24\" class=\"elementor elementor-24\">\n\t\t\t\t<div class=\"elementor-element elementor-element-0c3c721 e-flex e-con-boxed e-con e-parent\" data-id=\"0c3c721\" data-element_type=\"container\" data-e-type=\"container\" data-settings=\"{&quot;background_background&quot;:&quot;classic&quot;}\">\n\t\t\t\t\t<div class=\"e-con-inner\">\n\t\t\t\t<div class=\"elementor-element elementor-element-0fbd3f9 elementor-widget-mobile__width-initial elementor-widget elementor-widget-image\" data-id=\"0fbd3f9\" data-element_type=\"widget\" data-e-type=\"widget\" data-widget_type=\"image.default\">\n\t\t\t\t<div class=\"elementor-widget-container\">\n\t\t\t\t\t\t\t\t\t\t\t\t\t\t\t<img fetchpriority=\"high\" decoding=\"async\" width=\"500\" height=\"100\" src=\"https:\/\/fernandatoigoscherer.com\/links\/wp-content\/uploads\/2024\/10\/Fernanda-Toigo-Sherer-1080-x-100-px-500-x-100-px.png\" class=\"attachment-large size-large wp-image-29\" alt=\"\" srcset=\"https:\/\/fernandatoigoscherer.com\/links\/wp-content\/uploads\/2024\/10\/Fernanda-Toigo-Sherer-1080-x-100-px-500-x-100-px.png 500w, https:\/\/fernandatoigoscherer.com\/links\/wp-content\/uploads\/2024\/10\/Fernanda-Toigo-Sherer-1080-x-100-px-500-x-100-px-300x60.png 300w\" sizes=\"(max-width: 500px) 100vw, 500px\" \/>\t\t\t\t\t\t\t\t\t\t\t\t\t\t\t<\/div>\n\t\t\t\t<\/div>\n\t\t\t\t\t<\/div>\n\t\t\t\t<\/div>\n\t\t<div class=\"elementor-element elementor-element-8e263a1 e-flex e-con-boxed e-con e-parent\" data-id=\"8e263a1\" data-element_type=\"container\" data-e-type=\"container\" data-settings=\"{&quot;background_background&quot;:&quot;classic&quot;}\">\n\t\t\t\t\t<div class=\"e-con-inner\">\n\t\t<div class=\"elementor-element elementor-element-a551e8e e-con-full e-flex e-con e-child\" data-id=\"a551e8e\" data-element_type=\"container\" data-e-type=\"container\" data-settings=\"{&quot;background_background&quot;:&quot;classic&quot;}\">\n\t\t\t\t<div class=\"elementor-element elementor-element-93d7ff7 elementor-widget elementor-widget-image\" data-id=\"93d7ff7\" data-element_type=\"widget\" data-e-type=\"widget\" data-widget_type=\"image.default\">\n\t\t\t\t<div class=\"elementor-widget-container\">\n\t\t\t\t\t\t\t\t\t\t\t\t\t\t\t<img decoding=\"async\" width=\"1080\" height=\"1080\" src=\"https:\/\/fernandatoigoscherer.com\/links\/wp-content\/uploads\/2024\/10\/Fernanda-Toigo-Sherer-13.png\" class=\"attachment-full size-full wp-image-63\" alt=\"\" srcset=\"https:\/\/fernandatoigoscherer.com\/links\/wp-content\/uploads\/2024\/10\/Fernanda-Toigo-Sherer-13.png 1080w, https:\/\/fernandatoigoscherer.com\/links\/wp-content\/uploads\/2024\/10\/Fernanda-Toigo-Sherer-13-300x300.png 300w, https:\/\/fernandatoigoscherer.com\/links\/wp-content\/uploads\/2024\/10\/Fernanda-Toigo-Sherer-13-1024x1024.png 1024w, https:\/\/fernandatoigoscherer.com\/links\/wp-content\/uploads\/2024\/10\/Fernanda-Toigo-Sherer-13-150x150.png 150w, https:\/\/fernandatoigoscherer.com\/links\/wp-content\/uploads\/2024\/10\/Fernanda-Toigo-Sherer-13-768x768.png 768w\" sizes=\"(max-width: 1080px) 100vw, 1080px\" \/>\t\t\t\t\t\t\t\t\t\t\t\t\t\t\t<\/div>\n\t\t\t\t<\/div>\n\t\t\t\t<div class=\"elementor-element elementor-element-9167534 elementor-widget__width-initial elementor-widget elementor-widget-heading\" data-id=\"9167534\" data-element_type=\"widget\" data-e-type=\"widget\" data-widget_type=\"heading.default\">\n\t\t\t\t<div class=\"elementor-widget-container\">\n\t\t\t\t\t<h2 class=\"elementor-heading-title elementor-size-default\">Ebook M\u00e3e o portal para o sucesso<\/h2>\t\t\t\t<\/div>\n\t\t\t\t<\/div>\n\t\t\t\t<div class=\"elementor-element elementor-element-17af302 elementor-align-center elementor-invisible elementor-widget elementor-widget-button\" data-id=\"17af302\" data-element_type=\"widget\" data-e-type=\"widget\" data-settings=\"{&quot;_animation&quot;:&quot;fadeIn&quot;}\" data-widget_type=\"button.default\">\n\t\t\t\t<div class=\"elementor-widget-container\">\n\t\t\t\t\t\t\t\t\t<div class=\"elementor-button-wrapper\">\n\t\t\t\t\t<a class=\"elementor-button elementor-button-link elementor-size-sm\" href=\"https:\/\/fernandatoigoscherer.com\/\">\n\t\t\t\t\t\t<span class=\"elementor-button-content-wrapper\">\n\t\t\t\t\t\t\t\t\t<span class=\"elementor-button-text\">Garanta seu ebook<\/span>\n\t\t\t\t\t<\/span>\n\t\t\t\t\t<\/a>\n\t\t\t\t<\/div>\n\t\t\t\t\t\t\t\t<\/div>\n\t\t\t\t<\/div>\n\t\t\t\t<\/div>\n\t\t\t\t\t<\/div>\n\t\t\t\t<\/div>\n\t\t<div class=\"elementor-element elementor-element-dd59554 e-flex e-con-boxed e-con e-parent\" data-id=\"dd59554\" data-element_type=\"container\" data-e-type=\"container\" data-settings=\"{&quot;background_background&quot;:&quot;classic&quot;}\">\n\t\t\t\t\t<div class=\"e-con-inner\">\n\t\t<div class=\"elementor-element elementor-element-ea1436f e-con-full e-flex e-con e-child\" data-id=\"ea1436f\" data-element_type=\"container\" data-e-type=\"container\" data-settings=\"{&quot;background_background&quot;:&quot;classic&quot;}\">\n\t\t\t\t<div class=\"elementor-element elementor-element-5a81295 elementor-widget-mobile__width-initial elementor-widget elementor-widget-image\" data-id=\"5a81295\" data-element_type=\"widget\" data-e-type=\"widget\" data-widget_type=\"image.default\">\n\t\t\t\t<div class=\"elementor-widget-container\">\n\t\t\t\t\t\t\t\t\t\t\t\t\t\t\t<img decoding=\"async\" width=\"1080\" height=\"1080\" src=\"https:\/\/fernandatoigoscherer.com\/links\/wp-content\/uploads\/2024\/10\/Fernanda-Toigo-Sherer-11.png\" class=\"attachment-full size-full wp-image-36\" alt=\"\" srcset=\"https:\/\/fernandatoigoscherer.com\/links\/wp-content\/uploads\/2024\/10\/Fernanda-Toigo-Sherer-11.png 1080w, https:\/\/fernandatoigoscherer.com\/links\/wp-content\/uploads\/2024\/10\/Fernanda-Toigo-Sherer-11-300x300.png 300w, https:\/\/fernandatoigoscherer.com\/links\/wp-content\/uploads\/2024\/10\/Fernanda-Toigo-Sherer-11-1024x1024.png 1024w, https:\/\/fernandatoigoscherer.com\/links\/wp-content\/uploads\/2024\/10\/Fernanda-Toigo-Sherer-11-150x150.png 150w, https:\/\/fernandatoigoscherer.com\/links\/wp-content\/uploads\/2024\/10\/Fernanda-Toigo-Sherer-11-768x768.png 768w\" sizes=\"(max-width: 1080px) 100vw, 1080px\" \/>\t\t\t\t\t\t\t\t\t\t\t\t\t\t\t<\/div>\n\t\t\t\t<\/div>\n\t\t\t\t<div class=\"elementor-element elementor-element-ab97964 elementor-widget__width-initial elementor-widget elementor-widget-heading\" data-id=\"ab97964\" data-element_type=\"widget\" data-e-type=\"widget\" data-widget_type=\"heading.default\">\n\t\t\t\t<div class=\"elementor-widget-container\">\n\t\t\t\t\t<h2 class=\"elementor-heading-title elementor-size-default\">Atendimento \nConstela\u00e7\u00e3o Familiar<\/h2>\t\t\t\t<\/div>\n\t\t\t\t<\/div>\n\t\t\t\t<div class=\"elementor-element elementor-element-532fde5 elementor-align-center elementor-invisible elementor-widget elementor-widget-button\" data-id=\"532fde5\" data-element_type=\"widget\" data-e-type=\"widget\" data-settings=\"{&quot;_animation&quot;:&quot;fadeIn&quot;}\" data-widget_type=\"button.default\">\n\t\t\t\t<div class=\"elementor-widget-container\">\n\t\t\t\t\t\t\t\t\t<div class=\"elementor-button-wrapper\">\n\t\t\t\t\t<a class=\"elementor-button elementor-button-link elementor-size-sm\" href=\"https:\/\/fernandatoigoscherer.com\/atendimento\">\n\t\t\t\t\t\t<span class=\"elementor-button-content-wrapper\">\n\t\t\t\t\t\t\t\t\t<span class=\"elementor-button-text\">Agende seu atendimento<\/span>\n\t\t\t\t\t<\/span>\n\t\t\t\t\t<\/a>\n\t\t\t\t<\/div>\n\t\t\t\t\t\t\t\t<\/div>\n\t\t\t\t<\/div>\n\t\t\t\t<\/div>\n\t\t\t\t\t<\/div>\n\t\t\t\t<\/div>\n\t\t<div class=\"elementor-element elementor-element-28647e2 e-flex e-con-boxed e-con e-parent\" data-id=\"28647e2\" data-element_type=\"container\" data-e-type=\"container\" data-settings=\"{&quot;background_background&quot;:&quot;classic&quot;}\">\n\t\t\t\t\t<div class=\"e-con-inner\">\n\t\t<div class=\"elementor-element elementor-element-b8ede49 e-con-full e-flex e-con e-child\" data-id=\"b8ede49\" data-element_type=\"container\" data-e-type=\"container\" data-settings=\"{&quot;background_background&quot;:&quot;classic&quot;}\">\n\t\t\t\t<div class=\"elementor-element elementor-element-a16da06 elementor-widget elementor-widget-image\" data-id=\"a16da06\" data-element_type=\"widget\" data-e-type=\"widget\" data-widget_type=\"image.default\">\n\t\t\t\t<div class=\"elementor-widget-container\">\n\t\t\t\t\t\t\t\t\t\t\t\t\t\t\t<img loading=\"lazy\" decoding=\"async\" width=\"1080\" height=\"1080\" src=\"https:\/\/fernandatoigoscherer.com\/links\/wp-content\/uploads\/2024\/10\/Fernanda-Toigo-Sherer-10.png\" class=\"attachment-full size-full wp-image-35\" alt=\"\" srcset=\"https:\/\/fernandatoigoscherer.com\/links\/wp-content\/uploads\/2024\/10\/Fernanda-Toigo-Sherer-10.png 1080w, https:\/\/fernandatoigoscherer.com\/links\/wp-content\/uploads\/2024\/10\/Fernanda-Toigo-Sherer-10-300x300.png 300w, https:\/\/fernandatoigoscherer.com\/links\/wp-content\/uploads\/2024\/10\/Fernanda-Toigo-Sherer-10-1024x1024.png 1024w, https:\/\/fernandatoigoscherer.com\/links\/wp-content\/uploads\/2024\/10\/Fernanda-Toigo-Sherer-10-150x150.png 150w, https:\/\/fernandatoigoscherer.com\/links\/wp-content\/uploads\/2024\/10\/Fernanda-Toigo-Sherer-10-768x768.png 768w\" sizes=\"(max-width: 1080px) 100vw, 1080px\" \/>\t\t\t\t\t\t\t\t\t\t\t\t\t\t\t<\/div>\n\t\t\t\t<\/div>\n\t\t\t\t<div class=\"elementor-element elementor-element-75d392d elementor-widget__width-initial elementor-widget elementor-widget-heading\" data-id=\"75d392d\" data-element_type=\"widget\" data-e-type=\"widget\" data-widget_type=\"heading.default\">\n\t\t\t\t<div class=\"elementor-widget-container\">\n\t\t\t\t\t<h2 class=\"elementor-heading-title elementor-size-default\">Acompanhamento Terap\u00eautico Sist\u00eamico <\/h2>\t\t\t\t<\/div>\n\t\t\t\t<\/div>\n\t\t\t\t<div class=\"elementor-element elementor-element-9a9b3c9 elementor-align-center elementor-invisible elementor-widget elementor-widget-button\" data-id=\"9a9b3c9\" data-element_type=\"widget\" data-e-type=\"widget\" data-settings=\"{&quot;_animation&quot;:&quot;fadeIn&quot;}\" data-widget_type=\"button.default\">\n\t\t\t\t<div class=\"elementor-widget-container\">\n\t\t\t\t\t\t\t\t\t<div class=\"elementor-button-wrapper\">\n\t\t\t\t\t<a class=\"elementor-button elementor-button-link elementor-size-sm\" href=\"https:\/\/fernandatoigoscherer.com\/atendimento\">\n\t\t\t\t\t\t<span class=\"elementor-button-content-wrapper\">\n\t\t\t\t\t\t\t\t\t<span class=\"elementor-button-text\">Quero saber mais<\/span>\n\t\t\t\t\t<\/span>\n\t\t\t\t\t<\/a>\n\t\t\t\t<\/div>\n\t\t\t\t\t\t\t\t<\/div>\n\t\t\t\t<\/div>\n\t\t\t\t<\/div>\n\t\t\t\t\t<\/div>\n\t\t\t\t<\/div>\n\t\t<div class=\"elementor-element elementor-element-e5c8884 e-flex e-con-boxed e-con e-parent\" data-id=\"e5c8884\" data-element_type=\"container\" data-e-type=\"container\" data-settings=\"{&quot;background_background&quot;:&quot;classic&quot;}\">\n\t\t\t\t\t<div class=\"e-con-inner\">\n\t\t<div class=\"elementor-element elementor-element-7aea211 e-con-full e-flex e-con e-child\" data-id=\"7aea211\" data-element_type=\"container\" data-e-type=\"container\" data-settings=\"{&quot;background_background&quot;:&quot;classic&quot;}\">\n\t\t\t\t<div class=\"elementor-element elementor-element-3e10a54 elementor-widget elementor-widget-image\" data-id=\"3e10a54\" data-element_type=\"widget\" data-e-type=\"widget\" data-widget_type=\"image.default\">\n\t\t\t\t<div class=\"elementor-widget-container\">\n\t\t\t\t\t\t\t\t\t\t\t\t\t\t\t<img loading=\"lazy\" decoding=\"async\" width=\"1080\" height=\"1080\" src=\"https:\/\/fernandatoigoscherer.com\/links\/wp-content\/uploads\/2024\/10\/Fernanda-Toigo-Sherer-14.png\" class=\"attachment-full size-full wp-image-83\" alt=\"\" srcset=\"https:\/\/fernandatoigoscherer.com\/links\/wp-content\/uploads\/2024\/10\/Fernanda-Toigo-Sherer-14.png 1080w, https:\/\/fernandatoigoscherer.com\/links\/wp-content\/uploads\/2024\/10\/Fernanda-Toigo-Sherer-14-300x300.png 300w, https:\/\/fernandatoigoscherer.com\/links\/wp-content\/uploads\/2024\/10\/Fernanda-Toigo-Sherer-14-1024x1024.png 1024w, https:\/\/fernandatoigoscherer.com\/links\/wp-content\/uploads\/2024\/10\/Fernanda-Toigo-Sherer-14-150x150.png 150w, https:\/\/fernandatoigoscherer.com\/links\/wp-content\/uploads\/2024\/10\/Fernanda-Toigo-Sherer-14-768x768.png 768w\" sizes=\"(max-width: 1080px) 100vw, 1080px\" \/>\t\t\t\t\t\t\t\t\t\t\t\t\t\t\t<\/div>\n\t\t\t\t<\/div>\n\t\t\t\t<div class=\"elementor-element elementor-element-e919715 elementor-widget__width-initial elementor-widget elementor-widget-heading\" data-id=\"e919715\" data-element_type=\"widget\" data-e-type=\"widget\" data-widget_type=\"heading.default\">\n\t\t\t\t<div class=\"elementor-widget-container\">\n\t\t\t\t\t<h2 class=\"elementor-heading-title elementor-size-default\">Atendimento Microfisioterapia<\/h2>\t\t\t\t<\/div>\n\t\t\t\t<\/div>\n\t\t\t\t<div class=\"elementor-element elementor-element-84725fb elementor-align-center elementor-invisible elementor-widget elementor-widget-button\" data-id=\"84725fb\" data-element_type=\"widget\" data-e-type=\"widget\" data-settings=\"{&quot;_animation&quot;:&quot;fadeIn&quot;}\" data-widget_type=\"button.default\">\n\t\t\t\t<div class=\"elementor-widget-container\">\n\t\t\t\t\t\t\t\t\t<div class=\"elementor-button-wrapper\">\n\t\t\t\t\t<a class=\"elementor-button elementor-button-link elementor-size-sm\" href=\"https:\/\/api.whatsapp.com\/send?phone=5555981690029&#038;text=Ol%C3%A1,%20gostaria%20de%20saber%20mais%20sobre%20a%20Microfisioterapia.\">\n\t\t\t\t\t\t<span class=\"elementor-button-content-wrapper\">\n\t\t\t\t\t\t\t\t\t<span class=\"elementor-button-text\">Agende seu atendimento<\/span>\n\t\t\t\t\t<\/span>\n\t\t\t\t\t<\/a>\n\t\t\t\t<\/div>\n\t\t\t\t\t\t\t\t<\/div>\n\t\t\t\t<\/div>\n\t\t\t\t<\/div>\n\t\t\t\t\t<\/div>\n\t\t\t\t<\/div>\n\t\t<div class=\"elementor-element elementor-element-b6f01bb e-flex e-con-boxed e-con e-parent\" data-id=\"b6f01bb\" data-element_type=\"container\" data-e-type=\"container\" data-settings=\"{&quot;background_background&quot;:&quot;classic&quot;}\">\n\t\t\t\t\t<div class=\"e-con-inner\">\n\t\t\t\t<div class=\"elementor-element elementor-element-cc9b398 elementor-widget elementor-widget-text-editor\" data-id=\"cc9b398\" data-element_type=\"widget\" data-e-type=\"widget\" data-widget_type=\"text-editor.default\">\n\t\t\t\t<div class=\"elementor-widget-container\">\n\t\t\t\t\t\t\t\t\t<p><br \/>Copyright \u00a9 2024 | Fernanda Toigo Scherer<\/p>\t\t\t\t\t\t\t\t<\/div>\n\t\t\t\t<\/div>\n\t\t\t\t\t<\/div>\n\t\t\t\t<\/div>\n\t\t\t\t<\/div>\n\t\t","protected":false},"excerpt":{"rendered":"<p>Ebook M\u00e3e o portal para o sucesso Garanta seu ebook Atendimento Constela\u00e7\u00e3o Familiar Agende seu atendimento Acompanhamento Terap\u00eautico Sist\u00eamico Quero saber mais Atendimento Microfisioterapia Agende seu atendimento Copyright \u00a9 2024 | Fernanda Toigo Scherer<\/p>\n","protected":false},"author":1,"featured_media":0,"parent":0,"menu_order":0,"comment_status":"closed","ping_status":"closed","template":"","meta":{"footnotes":""},"class_list":["post-24","page","type-page","status-publish","hentry"],"_links":{"self":[{"href":"https:\/\/fernandatoigoscherer.com\/links\/wp-json\/wp\/v2\/pages\/24","targetHints":{"allow":["GET"]}}],"collection":[{"href":"https:\/\/fernandatoigoscherer.com\/links\/wp-json\/wp\/v2\/pages"}],"about":[{"href":"https:\/\/fernandatoigoscherer.com\/links\/wp-json\/wp\/v2\/types\/page"}],"author":[{"embeddable":true,"href":"https:\/\/fernandatoigoscherer.com\/links\/wp-json\/wp\/v2\/users\/1"}],"replies":[{"embeddable":true,"href":"https:\/\/fernandatoigoscherer.com\/links\/wp-json\/wp\/v2\/comments?post=24"}],"version-history":[{"count":20,"href":"https:\/\/fernandatoigoscherer.com\/links\/wp-json\/wp\/v2\/pages\/24\/revisions"}],"predecessor-version":[{"id":119,"href":"https:\/\/fernandatoigoscherer.com\/links\/wp-json\/wp\/v2\/pages\/24\/revisions\/119"}],"wp:attachment":[{"href":"https:\/\/fernandatoigoscherer.com\/links\/wp-json\/wp\/v2\/media?parent=24"}],"curies":[{"name":"wp","href":"https:\/\/api.w.org\/{rel}","templated":true}]}}